{"id":22515,"date":"2022-12-15T18:09:32","date_gmt":"2022-12-15T18:09:32","guid":{"rendered":"https:\/\/www.eceas.com\/?page_id=22515"},"modified":"2022-12-19T12:24:19","modified_gmt":"2022-12-19T12:24:19","slug":"degerlerimiz-2","status":"publish","type":"page","link":"https:\/\/www.eceas.com\/ar\/degerlerimiz-2\/","title":{"rendered":"De\u011ferlerimiz 2"},"content":{"rendered":"\t\t<div data-elementor-type=\"wp-page\" data-elementor-id=\"22515\" class=\"elementor elementor-22515\">\n\t\t\t\t\t\t<div class=\"elementor-inner\">\n\t\t\t\t<div class=\"elementor-section-wrap\">\n\t\t\t\t\t\t\t\t\t<section class=\"elementor-section elementor-top-section elementor-element elementor-element-c26840c elementor-section-boxed elementor-section-height-default elementor-section-height-default wpr-particle-no wpr-jarallax-no wpr-parallax-no wpr-sticky-section-no sc_fly_static\" data-id=\"c26840c\" data-element_type=\"section\">\n\t\t\t\t\t\t<div class=\"elementor-container elementor-column-gap-extended\">\n\t\t\t\t\t\t\t<div class=\"elementor-row\">\n\t\t\t\t\t<div class=\"elementor-column elementor-col-100 elementor-top-column elementor-element elementor-element-fa2a661 sc_inner_width_none sc_content_align_inherit sc_layouts_column_icons_position_left sc_fly_static\" data-id=\"fa2a661\" data-element_type=\"column\">\n\t\t\t<div class=\"elementor-column-wrap elementor-element-populated\">\n\t\t\t\t\t\t\t<div class=\"elementor-widget-wrap\">\n\t\t\t\t\t\t<div class=\"elementor-element elementor-element-9c31497 sc_fly_static elementor-widget elementor-widget-text-editor\" data-id=\"9c31497\" data-element_type=\"widget\" data-widget_type=\"text-editor.default\">\n\t\t\t\t<div class=\"elementor-widget-container\">\n\t\t\t\t\t\t\t\t<div class=\"elementor-text-editor elementor-clearfix\">\n\t\t\t\t<p><br><\/p>\n<p><span style=\"font-family: &quot;DM Sans&quot;, sans-serif; font-size: 17px; font-style: normal; font-weight: 400; text-align: start;\">ECE A.\u015e.&nbsp;<\/span><strong style=\"font-family: &quot;DM Sans&quot;, sans-serif; font-size: 17px; font-style: normal; text-align: start;\">%100 yerli sermaye<\/strong><span style=\"font-family: &quot;DM Sans&quot;, sans-serif; font-size: 17px; font-style: normal; font-weight: 400; text-align: start;\">&nbsp;ile 2000\u2019li y\u0131llar\u0131n ba\u015f\u0131nda Mangal K\u00f6m\u00fcr\u00fc ve Piknik \u00dcr\u00fcnleri kategorilerinde faaliyetine ba\u015flam\u0131\u015ft\u0131r. 2017 y\u0131l\u0131ndan itibaren Dilovas\u0131 \u0130mes OSB&#8217;de&nbsp;<\/span><strong style=\"font-family: &quot;DM Sans&quot;, sans-serif; font-size: 17px; font-style: normal; text-align: start;\">30.000 m\u00b2<\/strong><span style=\"font-family: &quot;DM Sans&quot;, sans-serif; font-size: 17px; font-style: normal; font-weight: 400; text-align: start;\">&nbsp;alan \u00fczerinde kurulu&nbsp;<\/span><strong style=\"font-family: &quot;DM Sans&quot;, sans-serif; font-size: 17px; font-style: normal; text-align: start;\">25.000 m\u00b2<\/strong><span style=\"font-family: &quot;DM Sans&quot;, sans-serif; font-size: 17px; font-style: normal; font-weight: 400; text-align: start;\">&nbsp;kapal\u0131 alanda yakla\u015f\u0131k&nbsp;<\/span><strong style=\"font-family: &quot;DM Sans&quot;, sans-serif; font-size: 17px; font-style: normal; text-align: start;\">400 ki\u015filik \u00e7al\u0131\u015fan\u0131yla<\/strong><span style=\"font-family: &quot;DM Sans&quot;, sans-serif; font-size: 17px; font-style: normal; font-weight: 400; text-align: start;\">&nbsp;\u00fcretim ve pazarlama yapan T\u00fcrkiye\u2019nin \u00f6nc\u00fc ve b\u00fcy\u00fck firmalar\u0131ndan biri haline gelmi\u015ftir.<\/span><br><\/p><p>ECE ailesi olarak s\u00fcrekli geli\u015fen teknolojimiz, e\u011fitimli ve deneyimli kadromuz ile kaliteli, h\u0131zl\u0131, uygun fiyatl\u0131, \u00e7evreci \u00fcr\u00fcnler \u00fcretmek, \u00fcretim ve pazarlamas\u0131n\u0131 yapt\u0131\u011f\u0131m\u0131z t\u00fcm \u00fcr\u00fcnlerimize ve bizimle \u00e7al\u0131\u015fan t\u00fcm payda\u015flar\u0131m\u0131za s\u00fcrd\u00fcr\u00fclebilir de\u011fer katmak i\u00e7in var\u0131z.<\/p>\t\t\t\t\t<\/div>\n\t\t\t\t\t\t<\/div>\n\t\t\t\t<\/div>\n\t\t\t\t\t\t<\/div>\n\t\t\t\t\t<\/div>\n\t\t<\/div>\n\t\t\t\t\t\t\t\t<\/div>\n\t\t\t\t\t<\/div>\n\t\t<\/section>\n\t\t\t\t<section class=\"elementor-section elementor-top-section elementor-element elementor-element-ddc5c50 elementor-section-boxed elementor-section-height-default elementor-section-height-default wpr-particle-no wpr-jarallax-no wpr-parallax-no wpr-sticky-section-no sc_fly_static\" data-id=\"ddc5c50\" data-element_type=\"section\">\n\t\t\t\t\t\t<div class=\"elementor-container elementor-column-gap-extended\">\n\t\t\t\t\t\t\t<div class=\"elementor-row\">\n\t\t\t\t\t<div class=\"elementor-column elementor-col-100 elementor-top-column elementor-element elementor-element-0cde697 sc_inner_width_none sc_content_align_inherit sc_layouts_column_icons_position_left sc_fly_static\" data-id=\"0cde697\" data-element_type=\"column\">\n\t\t\t<div class=\"elementor-column-wrap elementor-element-populated\">\n\t\t\t\t\t\t\t<div class=\"elementor-widget-wrap\">\n\t\t\t\t\t\t<div class=\"elementor-element elementor-element-1febce5 sc_fly_static elementor-widget elementor-widget-image\" data-id=\"1febce5\" data-element_type=\"widget\" data-widget_type=\"image.default\">\n\t\t\t\t<div class=\"elementor-widget-container\">\n\t\t\t\t\t\t\t\t<div class=\"elementor-image\">\n\t\t\t\t\t\t\t\t\t\t\t\t<img decoding=\"async\" width=\"768\" height=\"333\" src=\"https:\/\/www.eceas.com\/ar\/wp-content\/uploads\/2022\/12\/Eceus_web_degerlerimiz_grafik-6li-768x333.png\" class=\"attachment-medium_large size-medium_large\" alt=\"\" srcset=\"https:\/\/www.eceas.com\/ar\/wp-content\/uploads\/2022\/12\/Eceus_web_degerlerimiz_grafik-6li-768x333.png 768w, https:\/\/www.eceas.com\/ar\/wp-content\/uploads\/2022\/12\/Eceus_web_degerlerimiz_grafik-6li-400x173.png 400w, https:\/\/www.eceas.com\/ar\/wp-content\/uploads\/2022\/12\/Eceus_web_degerlerimiz_grafik-6li-300x130.png 300w, https:\/\/www.eceas.com\/ar\/wp-content\/uploads\/2022\/12\/Eceus_web_degerlerimiz_grafik-6li-1024x443.png 1024w, https:\/\/www.eceas.com\/ar\/wp-content\/uploads\/2022\/12\/Eceus_web_degerlerimiz_grafik-6li-1536x665.png 1536w, https:\/\/www.eceas.com\/ar\/wp-content\/uploads\/2022\/12\/Eceus_web_degerlerimiz_grafik-6li-2048x887.png 2048w, https:\/\/www.eceas.com\/ar\/wp-content\/uploads\/2022\/12\/Eceus_web_degerlerimiz_grafik-6li-370x160.png 370w, https:\/\/www.eceas.com\/ar\/wp-content\/uploads\/2022\/12\/Eceus_web_degerlerimiz_grafik-6li-840x364.png 840w, https:\/\/www.eceas.com\/ar\/wp-content\/uploads\/2022\/12\/Eceus_web_degerlerimiz_grafik-6li-410x178.png 410w\" sizes=\"(max-width: 768px) 100vw, 768px\" \/>\t\t\t\t\t\t\t\t\t\t\t\t\t\t<\/div>\n\t\t\t\t\t\t<\/div>\n\t\t\t\t<\/div>\n\t\t\t\t\t\t<\/div>\n\t\t\t\t\t<\/div>\n\t\t<\/div>\n\t\t\t\t\t\t\t\t<\/div>\n\t\t\t\t\t<\/div>\n\t\t<\/section>\n\t\t\t\t\t\t\t\t\t<\/div>\n\t\t\t<\/div>\n\t\t\t\t\t<\/div>\n\t\t","protected":false},"excerpt":{"rendered":"<p>ECE A.\u015e.&nbsp;%100 yerli sermaye&nbsp;ile 2000\u2019li y\u0131llar\u0131n ba\u015f\u0131nda Mangal K\u00f6m\u00fcr\u00fc ve Piknik \u00dcr\u00fcnleri kategorilerinde faaliyetine ba\u015flam\u0131\u015ft\u0131r. 2017 y\u0131l\u0131ndan itibaren Dilovas\u0131 \u0130mes OSB&#8217;de&nbsp;30.000 m\u00b2&nbsp;alan \u00fczerinde kurulu&nbsp;25.000 m\u00b2&nbsp;kapal\u0131 alanda yakla\u015f\u0131k&nbsp;400 ki\u015filik \u00e7al\u0131\u015fan\u0131yla&nbsp;\u00fcretim ve&hellip;<\/p>\n","protected":false},"author":1,"featured_media":0,"parent":0,"menu_order":0,"comment_status":"closed","ping_status":"closed","template":"","meta":{"footnotes":""},"class_list":["post-22515","page","type-page","status-publish","hentry"],"_links":{"self":[{"href":"https:\/\/www.eceas.com\/ar\/wp-json\/wp\/v2\/pages\/22515","targetHints":{"allow":["GET"]}}],"collection":[{"href":"https:\/\/www.eceas.com\/ar\/wp-json\/wp\/v2\/pages"}],"about":[{"href":"https:\/\/www.eceas.com\/ar\/wp-json\/wp\/v2\/types\/page"}],"author":[{"embeddable":true,"href":"https:\/\/www.eceas.com\/ar\/wp-json\/wp\/v2\/users\/1"}],"replies":[{"embeddable":true,"href":"https:\/\/www.eceas.com\/ar\/wp-json\/wp\/v2\/comments?post=22515"}],"version-history":[{"count":0,"href":"https:\/\/www.eceas.com\/ar\/wp-json\/wp\/v2\/pages\/22515\/revisions"}],"wp:attachment":[{"href":"https:\/\/www.eceas.com\/ar\/wp-json\/wp\/v2\/media?parent=22515"}],"curies":[{"name":"wp","href":"https:\/\/api.w.org\/{rel}","templated":true}]}}