{"id":21838,"date":"2022-11-29T11:51:42","date_gmt":"2022-11-29T11:51:42","guid":{"rendered":"https:\/\/www.eceas.com\/?post_type=product&#038;p=21838"},"modified":"2023-04-27T11:45:05","modified_gmt":"2023-04-27T11:45:05","slug":"%d8%b7%d8%a8%d9%82-%d8%a8%d9%84%d8%a7%d8%b3%d8%aa%d9%8a%d9%83-%d8%b5%d8%ba%d9%8a%d8%b1","status":"publish","type":"product","link":"https:\/\/www.eceas.com\/ar\/urun\/%d8%b7%d8%a8%d9%82-%d8%a8%d9%84%d8%a7%d8%b3%d8%aa%d9%8a%d9%83-%d8%b5%d8%ba%d9%8a%d8%b1\/","title":{"rendered":"\u0637\u0628\u0642 \u0628\u0644\u0627\u0633\u062a\u064a\u0643 \u0635\u063a\u064a\u0631"},"content":{"rendered":"<ul class=\"ul1\">\n<li class=\"li1\" dir=\"rtl\">\u062a\u0648\u0641\u0631 \u0639\u0631\u0648\u0636 \u062a\u0642\u062f\u064a\u0645\u064a\u0629 \u0639\u0645\u0644\u064a\u0629 \u0648\u0635\u062d\u064a\u0629 \u0648\u0645\u0645\u062a\u0639\u0629 \u0639\u0644\u0649 \u0637\u0627\u0648\u0644\u0627\u062a\u0643 \u0627\u0644\u0645\u0632\u062f\u062d\u0645\u0629<\/li>\n<li class=\"li2\" dir=\"rtl\">\u0644\u062f\u064a\u0647\u0627 \u0647\u064a\u0643\u0644 \u0635\u0644\u0628 \u0648\u0645\u062a\u064a\u0646<\/li>\n<li class=\"li2\" dir=\"rtl\">\u0645\u0646\u0627\u0633\u0628\u0629 \u0644\u0644\u0627\u0633\u062a\u062e\u062f\u0627\u0645 \u0641\u064a \u062c\u0645\u064a\u0639 \u0623\u0646\u0648\u0627\u0639 \u0627\u0644\u0637\u0639\u0627\u0645<\/li>\n<li class=\"li1\" dir=\"rtl\">\u0623\u0637\u0628\u0627\u0642<span class=\"s1\"><span class=\"Apple-converted-space\">\u00a0 <\/span><\/span>\u0644\u0644\u0627\u0633\u062a\u062e\u062f\u0627\u0645 \u0645\u0631\u0629 \u0648\u0627\u062d\u062f\u0629\u060c \u0644\u0630\u0644\u0643 \u0644\u0627 \u062f\u0627\u0639\u064a \u0644\u0644\u0642\u0644\u0642 \u0645\u0646 \u0627\u0644\u063a\u0633\u064a\u0644\u060c \u0639\u0645\u0644\u064a\u0629 \u0648\u0633\u0647\u0644\u0629 \u0627\u0644\u0627\u0633\u062a\u062e\u062f\u0627\u0645<\/li>\n<li class=\"li1\" dir=\"rtl\"><span class=\"s1\">&#8211; <\/span>\u0645\u062b\u0627\u0644\u064a\u0629 \u0644\u0644\u0627\u0633\u062a\u062e\u062f\u0627\u0645 \u0641\u064a<span class=\"s1\"><span class=\"Apple-converted-space\">\u00a0 <\/span><\/span>\u0627\u0644\u062f\u0639\u0648\u0627\u062a \u0627\u0644\u0645\u0632\u062f\u062d\u0645\u0629\u060c \u0627\u0644\u062d\u0641\u0644\u0627\u062a\u060c \u0627\u0644\u0627\u062d\u062a\u0641\u0627\u0644\u0627\u062a\u060c \u0627\u0644\u0627\u062c\u062a\u0645\u0627\u0639\u0627\u062a\u060c \u0648\u0641\u064a \u0627\u0644\u0645\u0643\u062a\u0628<\/li>\n<li class=\"li1\" dir=\"rtl\">\u0628\u0645\u0627 \u0627\u0646\u0647\u0627 \u0645\u0646\u062a\u062c \u064a\u0633\u062a\u062e\u062f\u0645 \u0645\u0631\u0629 \u0648\u0627\u062d\u062f\u0629\u060c \u0641\u0627\u0646\u0647\u0627 \u0645\u0646\u062a\u062c \u0635\u062d\u064a \u0644\u0644\u063a\u0627\u064a\u0629 \u0648\u064a\u0645\u0643\u0646 \u0627\u0633\u062a\u062e\u062f\u0627\u0645\u0647\u0627 \u0628\u0623\u0645\u0627\u0646<span class=\"s1\">.<\/span><\/li>\n<li class=\"li1\" dir=\"rtl\">\u062a\u0645 \u0627\u0646\u062a\u0627\u062c\u0647\u0627 \u0641\u064a \u0645\u0635\u0646\u0639 \u0645\u0639\u062a\u0645\u062f \u0644\u0644\u0627\u0646\u062a\u0627\u062c \u0627\u0644\u0627\u0645\u0646 \u0645\u0646 \u0643\u0648\u0641\u064a\u062f<span class=\"s1\"> 19<\/span><\/li>\n<li class=\"li1\" dir=\"rtl\">\u0642\u0637\u0631 \u0627\u0644\u0645\u0646\u062a\u062c<span class=\"s1\"> 17<span class=\"Apple-converted-space\">\u00a0 <\/span><\/span>\u0633\u0645<\/li>\n<\/ul>\n","protected":false},"excerpt":{"rendered":"<div id=\"product-detail\" class=\"lead\" data-id=\"39\">\n<ul>\n<li>Kalabal\u0131k sofralar\u0131n\u0131zda pratik, hijyenik ve ho\u015f sunum imkanlar\u0131 sunar.<\/li>\n<li>Sa\u011flam ve dayan\u0131kl\u0131 yap\u0131ya sahiptir.<\/li>\n<li>Her t\u00fcrl\u00fc yiyecek kullan\u0131m\u0131 i\u00e7in uygundur.<\/li>\n<li>Y\u0131kama derdi olmayan kullan-at tabaklar\u0131n kullan\u0131m\u0131 pratik ve kolayd\u0131r.<\/li>\n<li>Kalabal\u0131k davet, parti, kutlama, toplant\u0131 ve ofislerde kullan\u0131m i\u00e7in idealdir.<\/li>\n<li>Kullan at \u00fcr\u00fcn olmas\u0131 sebebiyle son derece hijyeniktir, g\u00fcvenle kullan\u0131l\u0131r.<\/li>\n<li>Covid-19 G\u00fcvenli \u00dcretim Belgeli fabrikada \u00fcretilmi\u015ftir.<\/li>\n<li>\u00dcr\u00fcn \u00e7ap\u0131 17 cm&#8217;dir.<\/li>\n<\/ul>\n<div>\n<h4>Detayl\u0131 \u00dcr\u00fcn Bilgileri<\/h4>\n<\/div>\n<div class=\"product-detail-info\">\n<div class=\"row g-0\">\n<div class=\"col-lg-6\">\n<table style=\"height: 219px;\" border=\"10\" width=\"351\">\n<tbody>\n<tr>\n<td>\n<div class=\"d-flex justify-content-start align-items-center\">\u00dcR\u00dcN KODU<\/div>\n<\/td>\n<td class=\"px-3\">:<\/td>\n<td>EPK-617-1<\/td>\n<\/tr>\n<tr>\n<td>\n<div class=\"d-flex justify-content-start align-items-center\">EBATLAR<\/div>\n<\/td>\n<td class=\"px-3\">:<\/td>\n<td>172 x 172<\/td>\n<\/tr>\n<tr>\n<td>\n<div class=\"d-flex justify-content-start align-items-center\">PAKET \u0130\u00c7\u0130 M\u0130KTAR<\/div>\n<\/td>\n<td class=\"px-3\">:<\/td>\n<td>10<\/td>\n<\/tr>\n<tr>\n<td>\n<div class=\"d-flex justify-content-start align-items-center\">KOL\u0130 \u0130\u00c7\u0130 M\u0130KTAR<\/div>\n<\/td>\n<td class=\"px-3\">:<\/td>\n<td>60<\/td>\n<\/tr>\n<\/tbody>\n<\/table>\n<\/div>\n<\/div>\n<\/div>\n<\/div>\n","protected":false},"featured_media":21839,"template":"","meta":[],"product_cat":[195,199],"product_tag":[],"class_list":["post-21838","product","type-product","status-publish","has-post-thumbnail","hentry","product_cat-tek-kullanimlik-urunler","product_cat-plastik-tabaklar"],"_links":{"self":[{"href":"https:\/\/www.eceas.com\/ar\/wp-json\/wp\/v2\/product\/21838","targetHints":{"allow":["GET"]}}],"collection":[{"href":"https:\/\/www.eceas.com\/ar\/wp-json\/wp\/v2\/product"}],"about":[{"href":"https:\/\/www.eceas.com\/ar\/wp-json\/wp\/v2\/types\/product"}],"version-history":[{"count":0,"href":"https:\/\/www.eceas.com\/ar\/wp-json\/wp\/v2\/product\/21838\/revisions"}],"wp:featuredmedia":[{"embeddable":true,"href":"https:\/\/www.eceas.com\/ar\/wp-json\/wp\/v2\/media\/21839"}],"wp:attachment":[{"href":"https:\/\/www.eceas.com\/ar\/wp-json\/wp\/v2\/media?parent=21838"}],"wp:term":[{"taxonomy":"product_cat","embeddable":true,"href":"https:\/\/www.eceas.com\/ar\/wp-json\/wp\/v2\/product_cat?post=21838"},{"taxonomy":"product_tag","embeddable":true,"href":"https:\/\/www.eceas.com\/ar\/wp-json\/wp\/v2\/product_tag?post=21838"}],"curies":[{"name":"wp","href":"https:\/\/api.w.org\/{rel}","templated":true}]}}