{"id":19625,"date":"2022-04-08T16:11:28","date_gmt":"2022-04-08T16:11:28","guid":{"rendered":"https:\/\/www.eceas.com\/?page_id=19625"},"modified":"2023-04-10T19:39:10","modified_gmt":"2023-04-10T19:39:10","slug":"vision-et-mission","status":"publish","type":"page","link":"https:\/\/www.eceas.com\/fr\/vision-et-mission\/","title":{"rendered":"Vision et Mission"},"content":{"rendered":"\t\t<div data-elementor-type=\"wp-page\" data-elementor-id=\"19625\" class=\"elementor elementor-19625\">\n\t\t\t\t\t\t<div class=\"elementor-inner\">\n\t\t\t\t<div class=\"elementor-section-wrap\">\n\t\t\t\t\t\t\t\t\t<section class=\"elementor-section elementor-top-section elementor-element elementor-element-e8d428d elementor-section-boxed elementor-section-height-default elementor-section-height-default wpr-particle-no wpr-jarallax-no wpr-parallax-no wpr-sticky-section-no sc_fly_static\" data-id=\"e8d428d\" data-element_type=\"section\" data-settings=\"{&quot;background_background&quot;:&quot;classic&quot;}\">\n\t\t\t\t\t\t<div class=\"elementor-container elementor-column-gap-extended\">\n\t\t\t\t\t\t\t<div class=\"elementor-row\">\n\t\t\t\t\t<div class=\"elementor-column elementor-col-100 elementor-top-column elementor-element elementor-element-26eea444 sc_inner_width_none sc_content_align_inherit sc_layouts_column_icons_position_left sc_fly_static\" data-id=\"26eea444\" data-element_type=\"column\">\n\t\t\t<div class=\"elementor-column-wrap elementor-element-populated\">\n\t\t\t\t\t\t\t<div class=\"elementor-widget-wrap\">\n\t\t\t\t\t\t<section class=\"elementor-section elementor-inner-section elementor-element elementor-element-164bd911 elementor-section-boxed elementor-section-height-default elementor-section-height-default wpr-particle-no wpr-jarallax-no wpr-parallax-no wpr-sticky-section-no sc_fly_static\" data-id=\"164bd911\" data-element_type=\"section\">\n\t\t\t\t\t\t<div class=\"elementor-container elementor-column-gap-no\">\n\t\t\t\t\t\t\t<div class=\"elementor-row\">\n\t\t\t\t\t<div class=\"elementor-column elementor-col-50 elementor-inner-column elementor-element elementor-element-7aa41381 sc_inner_width_none sc_content_align_inherit sc_layouts_column_icons_position_left sc_fly_static\" data-id=\"7aa41381\" data-element_type=\"column\">\n\t\t\t<div class=\"elementor-column-wrap elementor-element-populated\">\n\t\t\t\t\t\t\t<div class=\"elementor-widget-wrap\">\n\t\t\t\t\t\t<div class=\"elementor-element elementor-element-7a8ec55 sc_fly_static elementor-widget elementor-widget-image\" data-id=\"7a8ec55\" data-element_type=\"widget\" data-widget_type=\"image.default\">\n\t\t\t\t<div class=\"elementor-widget-container\">\n\t\t\t\t\t\t\t\t<div class=\"elementor-image\">\n\t\t\t\t\t\t\t\t\t\t\t\t<img decoding=\"async\" width=\"550\" height=\"700\" src=\"https:\/\/www.eceas.com\/fr\/wp-content\/uploads\/2022\/12\/eceus_web_vizyonmisyon_gorsel.jpg\" class=\"attachment-full size-full\" alt=\"\" srcset=\"https:\/\/www.eceas.com\/fr\/wp-content\/uploads\/2022\/12\/eceus_web_vizyonmisyon_gorsel.jpg 550w, https:\/\/www.eceas.com\/fr\/wp-content\/uploads\/2022\/12\/eceus_web_vizyonmisyon_gorsel-400x509.jpg 400w, https:\/\/www.eceas.com\/fr\/wp-content\/uploads\/2022\/12\/eceus_web_vizyonmisyon_gorsel-236x300.jpg 236w, https:\/\/www.eceas.com\/fr\/wp-content\/uploads\/2022\/12\/eceus_web_vizyonmisyon_gorsel-370x471.jpg 370w, https:\/\/www.eceas.com\/fr\/wp-content\/uploads\/2022\/12\/eceus_web_vizyonmisyon_gorsel-410x522.jpg 410w\" sizes=\"(max-width: 600px) 100vw, 550px\" \/>\t\t\t\t\t\t\t\t\t\t\t\t\t\t<\/div>\n\t\t\t\t\t\t<\/div>\n\t\t\t\t<\/div>\n\t\t\t\t\t\t<\/div>\n\t\t\t\t\t<\/div>\n\t\t<\/div>\n\t\t\t\t<div class=\"elementor-column elementor-col-50 elementor-inner-column elementor-element elementor-element-6e5c99d6 sc_inner_width_none sc_content_align_inherit sc_layouts_column_icons_position_left sc_fly_static\" data-id=\"6e5c99d6\" data-element_type=\"column\">\n\t\t\t<div class=\"elementor-column-wrap elementor-element-populated\">\n\t\t\t\t\t\t\t<div class=\"elementor-widget-wrap\">\n\t\t\t\t\t\t<div class=\"elementor-element elementor-element-48995e69 sc_fly_static elementor-widget elementor-widget-spacer\" data-id=\"48995e69\" data-element_type=\"widget\" data-widget_type=\"spacer.default\">\n\t\t\t\t<div class=\"elementor-widget-container\">\n\t\t\t\t\t<div class=\"elementor-spacer\">\n\t\t\t<div class=\"elementor-spacer-inner\"><\/div>\n\t\t<\/div>\n\t\t\t\t<\/div>\n\t\t\t\t<\/div>\n\t\t\t\t<div class=\"elementor-element elementor-element-475d2cb2 sc_fly_static elementor-widget elementor-widget-trx_sc_icons\" data-id=\"475d2cb2\" data-element_type=\"widget\" data-widget_type=\"trx_sc_icons.default\">\n\t\t\t\t<div class=\"elementor-widget-container\">\n\t\t\t<div \tclass=\"sc_icons sc_icons_divider4 sc_icons_size_small sc_align_none\" ><div class=\"sc_icons_item\"><div class=\"sc_icons_icon sc_icon_type_svg\" style=\"color: #575FFF\" ><\/div><div class=\"sc_icons_item_details\"><h4 class=\"sc_icons_item_title\"><span>Vision<\/span><\/h4><div class=\"sc_icons_item_description\"><span>En tant qu'entreprise leader dans notre secteur, faire de la marque ECE une marque mondiale, fabriquer des produits de qualit\u00e9 conformes aux normes mondiales avec la politique du juste prix, et \u00eatre une entreprise dont les produits fa\u00e7onnent l'avenir en d\u00e9terminant les besoins.<\/span><\/div><\/div><\/div><div class=\"sc_icons_item\"><div class=\"sc_icons_icon sc_icon_type_svg\" style=\"color: #575FFF\" ><\/div><div class=\"sc_icons_item_details\"><h4 class=\"sc_icons_item_title\"><span>Mission<\/span><\/h4><div class=\"sc_icons_item_description\"><span>En tant que famille ECE, nous existons pour fabriquer des produits de qualit\u00e9, rapides, abordables et respectueux de l'environnement gr\u00e2ce \u00e0 notre technologie en constante \u00e9volution et \u00e0 notre personnel qualifi\u00e9 et exp\u00e9riment\u00e9, et pour ajouter une valeur durable \u00e0 tous les produits que nous fabriquons et commercialisons, ainsi qu'\u00e0 toutes les parties prenantes qui travaillent avec nous.<\/span><\/div><\/div><\/div><\/div><!-- \/.sc_icons -->\t\t<\/div>\n\t\t\t\t<\/div>\n\t\t\t\t\t\t<\/div>\n\t\t\t\t\t<\/div>\n\t\t<\/div>\n\t\t\t\t\t\t\t\t<\/div>\n\t\t\t\t\t<\/div>\n\t\t<\/section>\n\t\t\t\t<div class=\"elementor-element elementor-element-70b30d1 sc_height_tiny sc_layouts_hide_on_tablet sc_layouts_hide_on_mobile sc_fly_static elementor-widget elementor-widget-spacer\" data-id=\"70b30d1\" data-element_type=\"widget\" data-widget_type=\"spacer.default\">\n\t\t\t\t<div class=\"elementor-widget-container\">\n\t\t\t\t\t<div class=\"elementor-spacer\">\n\t\t\t<div class=\"elementor-spacer-inner\"><\/div>\n\t\t<\/div>\n\t\t\t\t<\/div>\n\t\t\t\t<\/div>\n\t\t\t\t\t\t<\/div>\n\t\t\t\t\t<\/div>\n\t\t<\/div>\n\t\t\t\t\t\t\t\t<\/div>\n\t\t\t\t\t<\/div>\n\t\t<\/section>\n\t\t\t\t\t\t\t\t\t<\/div>\n\t\t\t<\/div>\n\t\t\t\t\t<\/div>\n\t\t","protected":false},"excerpt":{"rendered":"<p>Vision En tant qu&#8217;entreprise leader dans notre secteur, faire de la marque ECE une marque mondiale, fabriquer des produits de qualit\u00e9 conformes aux normes mondiales avec la politique du juste&hellip;<\/p>\n","protected":false},"author":1,"featured_media":0,"parent":0,"menu_order":0,"comment_status":"closed","ping_status":"closed","template":"","meta":{"footnotes":""},"class_list":["post-19625","page","type-page","status-publish","hentry"],"_links":{"self":[{"href":"https:\/\/www.eceas.com\/fr\/wp-json\/wp\/v2\/pages\/19625","targetHints":{"allow":["GET"]}}],"collection":[{"href":"https:\/\/www.eceas.com\/fr\/wp-json\/wp\/v2\/pages"}],"about":[{"href":"https:\/\/www.eceas.com\/fr\/wp-json\/wp\/v2\/types\/page"}],"author":[{"embeddable":true,"href":"https:\/\/www.eceas.com\/fr\/wp-json\/wp\/v2\/users\/1"}],"replies":[{"embeddable":true,"href":"https:\/\/www.eceas.com\/fr\/wp-json\/wp\/v2\/comments?post=19625"}],"version-history":[{"count":7,"href":"https:\/\/www.eceas.com\/fr\/wp-json\/wp\/v2\/pages\/19625\/revisions"}],"predecessor-version":[{"id":24030,"href":"https:\/\/www.eceas.com\/fr\/wp-json\/wp\/v2\/pages\/19625\/revisions\/24030"}],"wp:attachment":[{"href":"https:\/\/www.eceas.com\/fr\/wp-json\/wp\/v2\/media?parent=19625"}],"curies":[{"name":"wp","href":"https:\/\/api.w.org\/{rel}","templated":true}]}}