{"id":22726,"date":"2022-12-21T12:48:48","date_gmt":"2022-12-21T12:48:48","guid":{"rendered":"https:\/\/www.eceas.com\/?page_id=22726"},"modified":"2023-06-12T11:44:05","modified_gmt":"2023-06-12T11:44:05","slug":"rapports","status":"publish","type":"page","link":"https:\/\/www.eceas.com\/fr\/rapports\/","title":{"rendered":"Rapports"},"content":{"rendered":"\t\t<div data-elementor-type=\"wp-page\" data-elementor-id=\"22726\" class=\"elementor elementor-22726\">\n\t\t\t\t\t\t<div class=\"elementor-inner\">\n\t\t\t\t<div class=\"elementor-section-wrap\">\n\t\t\t\t\t\t\t\t\t<section class=\"elementor-section-with-custom-width elementor-section elementor-top-section elementor-element elementor-element-d294c7a elementor-section-boxed elementor-section-height-default elementor-section-height-default wpr-particle-no wpr-jarallax-no wpr-parallax-no wpr-sticky-section-no sc_fly_static\" data-id=\"d294c7a\" data-element_type=\"section\">\n\t\t\t\t\t\t<div class=\"elementor-container elementor-column-gap-narrow\">\n\t\t\t\t\t\t\t<div class=\"elementor-row\">\n\t\t\t\t\t<div class=\"elementor-column elementor-col-50 elementor-top-column elementor-element elementor-element-d1ca092 sc_inner_width_none sc_content_align_inherit sc_layouts_column_icons_position_left sc_fly_static\" data-id=\"d1ca092\" data-element_type=\"column\">\n\t\t\t<div class=\"elementor-column-wrap elementor-element-populated\">\n\t\t\t\t\t\t\t<div class=\"elementor-widget-wrap\">\n\t\t\t\t\t\t<div class=\"elementor-element elementor-element-a162368 sc_fly_static elementor-widget elementor-widget-image\" data-id=\"a162368\" data-element_type=\"widget\" data-widget_type=\"image.default\">\n\t\t\t\t<div class=\"elementor-widget-container\">\n\t\t\t\t\t\t\t\t<div class=\"elementor-image\">\n\t\t\t\t\t\t\t\t\t\t\t\t<img decoding=\"async\" width=\"550\" height=\"426\" src=\"https:\/\/www.eceas.com\/fr\/wp-content\/uploads\/2023\/06\/eceus_web_raporlama_gorsel_1.png\" class=\"attachment-medium_large size-medium_large\" alt=\"\" srcset=\"https:\/\/www.eceas.com\/fr\/wp-content\/uploads\/2023\/06\/eceus_web_raporlama_gorsel_1.png 550w, https:\/\/www.eceas.com\/fr\/wp-content\/uploads\/2023\/06\/eceus_web_raporlama_gorsel_1-300x232.png 300w, https:\/\/www.eceas.com\/fr\/wp-content\/uploads\/2023\/06\/eceus_web_raporlama_gorsel_1-370x287.png 370w, https:\/\/www.eceas.com\/fr\/wp-content\/uploads\/2023\/06\/eceus_web_raporlama_gorsel_1-410x318.png 410w, https:\/\/www.eceas.com\/fr\/wp-content\/uploads\/2023\/06\/eceus_web_raporlama_gorsel_1-400x310.png 400w\" sizes=\"(max-width: 600px) 100vw, 550px\" \/>\t\t\t\t\t\t\t\t\t\t\t\t\t\t<\/div>\n\t\t\t\t\t\t<\/div>\n\t\t\t\t<\/div>\n\t\t\t\t\t\t<\/div>\n\t\t\t\t\t<\/div>\n\t\t<\/div>\n\t\t\t\t<div class=\"elementor-column elementor-col-50 elementor-top-column elementor-element elementor-element-391d7c4 sc_inner_width_none sc_content_align_inherit sc_layouts_column_icons_position_left sc_fly_static\" data-id=\"391d7c4\" data-element_type=\"column\">\n\t\t\t<div class=\"elementor-column-wrap elementor-element-populated\">\n\t\t\t\t\t\t\t<div class=\"elementor-widget-wrap\">\n\t\t\t\t\t\t<div class=\"elementor-element elementor-element-7de9315 elementor-widget__width-inherit sc_fly_static elementor-widget elementor-widget-text-editor\" data-id=\"7de9315\" data-element_type=\"widget\" data-widget_type=\"text-editor.default\">\n\t\t\t\t<div class=\"elementor-widget-container\">\n\t\t\t\t\t\t\t\t<div class=\"elementor-text-editor elementor-clearfix\">\n\t\t\t\t<p>Vous pouvez consulter les bulletins de durabilit\u00e9 que nous publions chaque trimestre en format PDF.<\/p><p>Nous avons harmonis\u00e9 notre rapport, que nous avons pr\u00e9par\u00e9 selon la norme Global Reporting Initiative (GRI), avec un monde plus durable en le publiant pour la premi\u00e8re fois cette ann\u00e9e uniquement sous forme de rapport num\u00e9rique ; Vous pouvez y acc\u00e9der en cliquant sur le lien ci-dessous.<\/p>\t\t\t\t\t<\/div>\n\t\t\t\t\t\t<\/div>\n\t\t\t\t<\/div>\n\t\t\t\t<div class=\"elementor-element elementor-element-8e57db3 sc_fly_static elementor-widget elementor-widget-button\" data-id=\"8e57db3\" data-element_type=\"widget\" data-widget_type=\"button.default\">\n\t\t\t\t<div class=\"elementor-widget-container\">\n\t\t\t\t\t<div class=\"elementor-button-wrapper\">\n\t\t\t<a class=\"elementor-button elementor-size-xs\" role=\"button\">\n\t\t\t\t\t\t<span class=\"elementor-button-content-wrapper\">\n\t\t\t\t\t\t<span class=\"elementor-button-text\">Voir le Rapport<\/span>\n\t\t<\/span>\n\t\t\t\t\t<\/a>\n\t\t<\/div>\n\t\t\t\t<\/div>\n\t\t\t\t<\/div>\n\t\t\t\t\t\t<\/div>\n\t\t\t\t\t<\/div>\n\t\t<\/div>\n\t\t\t\t\t\t\t\t<\/div>\n\t\t\t\t\t<\/div>\n\t\t<\/section>\n\t\t\t\t\t\t\t\t\t<\/div>\n\t\t\t<\/div>\n\t\t\t\t\t<\/div>\n\t\t","protected":false},"excerpt":{"rendered":"<p>Vous pouvez consulter les bulletins de durabilit\u00e9 que nous publions chaque trimestre en format PDF. Nous avons harmonis\u00e9 notre rapport, que nous avons pr\u00e9par\u00e9 selon la norme Global Reporting Initiative&hellip;<\/p>\n","protected":false},"author":1,"featured_media":0,"parent":0,"menu_order":0,"comment_status":"closed","ping_status":"closed","template":"","meta":{"footnotes":""},"class_list":["post-22726","page","type-page","status-publish","hentry"],"_links":{"self":[{"href":"https:\/\/www.eceas.com\/fr\/wp-json\/wp\/v2\/pages\/22726","targetHints":{"allow":["GET"]}}],"collection":[{"href":"https:\/\/www.eceas.com\/fr\/wp-json\/wp\/v2\/pages"}],"about":[{"href":"https:\/\/www.eceas.com\/fr\/wp-json\/wp\/v2\/types\/page"}],"author":[{"embeddable":true,"href":"https:\/\/www.eceas.com\/fr\/wp-json\/wp\/v2\/users\/1"}],"replies":[{"embeddable":true,"href":"https:\/\/www.eceas.com\/fr\/wp-json\/wp\/v2\/comments?post=22726"}],"version-history":[{"count":7,"href":"https:\/\/www.eceas.com\/fr\/wp-json\/wp\/v2\/pages\/22726\/revisions"}],"predecessor-version":[{"id":24598,"href":"https:\/\/www.eceas.com\/fr\/wp-json\/wp\/v2\/pages\/22726\/revisions\/24598"}],"wp:attachment":[{"href":"https:\/\/www.eceas.com\/fr\/wp-json\/wp\/v2\/media?parent=22726"}],"curies":[{"name":"wp","href":"https:\/\/api.w.org\/{rel}","templated":true}]}}