{"id":22811,"date":"2023-01-03T12:11:30","date_gmt":"2023-01-03T12:11:30","guid":{"rendered":"https:\/\/www.eceas.com\/?page_id=22811"},"modified":"2023-04-10T19:44:18","modified_gmt":"2023-04-10T19:44:18","slug":"nos-politiques-de-ressources-humaines","status":"publish","type":"page","link":"https:\/\/www.eceas.com\/fr\/nos-politiques-de-ressources-humaines\/","title":{"rendered":"Nos politiques de ressources humaines"},"content":{"rendered":"\t\t<div data-elementor-type=\"wp-page\" data-elementor-id=\"22811\" class=\"elementor elementor-22811\">\n\t\t\t\t\t\t<div class=\"elementor-inner\">\n\t\t\t\t<div class=\"elementor-section-wrap\">\n\t\t\t\t\t\t\t\t\t<section class=\"elementor-section-with-custom-width elementor-section elementor-top-section elementor-element elementor-element-b6665fd elementor-section-boxed elementor-section-height-default elementor-section-height-default wpr-particle-no wpr-jarallax-no wpr-parallax-no wpr-sticky-section-no sc_fly_static\" data-id=\"b6665fd\" data-element_type=\"section\">\n\t\t\t\t\t\t<div class=\"elementor-container elementor-column-gap-extended\">\n\t\t\t\t\t\t\t<div class=\"elementor-row\">\n\t\t\t\t\t<div class=\"elementor-column elementor-col-100 elementor-top-column elementor-element elementor-element-1977c9b sc_inner_width_none sc_content_align_inherit sc_layouts_column_icons_position_left sc_fly_static\" data-id=\"1977c9b\" data-element_type=\"column\">\n\t\t\t<div class=\"elementor-column-wrap elementor-element-populated\">\n\t\t\t\t\t\t\t<div class=\"elementor-widget-wrap\">\n\t\t\t\t\t\t<div class=\"elementor-element elementor-element-e35776b sc_fly_static elementor-widget elementor-widget-text-editor\" data-id=\"e35776b\" data-element_type=\"widget\" data-widget_type=\"text-editor.default\">\n\t\t\t\t<div class=\"elementor-widget-container\">\n\t\t\t\t\t\t\t\t<div class=\"elementor-text-editor elementor-clearfix\">\n\t\t\t\t<p>Nous sommes conscients du fait que la mani\u00e8re de faire la diff\u00e9rence dans la concurrence dans notre parcours, que nous avons \u00e9tabli en disant toujours avec vous dans la vie, se r\u00e9alisera avec la bonne gestion des ressources humaines.<\/p><p><strong>Le mot &#8220;humain&#8221; est au centre de nos valeurs.<\/strong><\/p><p>Notre politique en mati\u00e8re de ressources humaines consiste \u00e0 s\u00e9lectionner, d\u00e9velopper, \u00e9valuer et g\u00e9rer les ressources humaines selon des crit\u00e8res contemporains et selon le principe de l&#8217;\u00e9galit\u00e9 des chances pour tous, en combinant les exigences du poste avec les aptitudes et les comp\u00e9tences des employ\u00e9s.<\/p><p><strong>Relations entre les collaborateurs de ECE<\/strong><\/p><p>Elle suit une politique de gestion transparente et ouverte afin d&#8217;avoir une interaction fiable et efficace avec ses employ\u00e9s. ECE A.S. r\u00e9alise ses objectifs avec ses ressources humaines, qui sont au centre de ses valeurs. Le d\u00e9veloppement de nos ressources humaines, la protection et le d\u00e9veloppement de leurs droits est l&#8217;un de nos principaux objectifs. Pour cela, la gestion des relations avec les employ\u00e9s occupe une place importante dans la structuration des Ressources Humaines et nous permet de poser des bases solides pour les ann\u00e9es \u00e0 venir.<\/p><p><strong>L&#8217;\u00e9galit\u00e9 des chances \u00e0 ECE<\/strong><\/p><p>Nous offrons un environnement de travail exempt de toute discrimination dans les processus d&#8217;acquisition, de r\u00e9tention, de relations avec les employ\u00e9s et de d\u00e9veloppement des talents.<\/p>\t\t\t\t\t<\/div>\n\t\t\t\t\t\t<\/div>\n\t\t\t\t<\/div>\n\t\t\t\t\t\t<\/div>\n\t\t\t\t\t<\/div>\n\t\t<\/div>\n\t\t\t\t\t\t\t\t<\/div>\n\t\t\t\t\t<\/div>\n\t\t<\/section>\n\t\t\t\t\t\t\t\t\t<\/div>\n\t\t\t<\/div>\n\t\t\t\t\t<\/div>\n\t\t","protected":false},"excerpt":{"rendered":"<p>Nous sommes conscients du fait que la mani\u00e8re de faire la diff\u00e9rence dans la concurrence dans notre parcours, que nous avons \u00e9tabli en disant toujours avec vous dans la vie,&hellip;<\/p>\n","protected":false},"author":1,"featured_media":0,"parent":0,"menu_order":0,"comment_status":"closed","ping_status":"closed","template":"","meta":{"footnotes":""},"class_list":["post-22811","page","type-page","status-publish","hentry"],"_links":{"self":[{"href":"https:\/\/www.eceas.com\/fr\/wp-json\/wp\/v2\/pages\/22811","targetHints":{"allow":["GET"]}}],"collection":[{"href":"https:\/\/www.eceas.com\/fr\/wp-json\/wp\/v2\/pages"}],"about":[{"href":"https:\/\/www.eceas.com\/fr\/wp-json\/wp\/v2\/types\/page"}],"author":[{"embeddable":true,"href":"https:\/\/www.eceas.com\/fr\/wp-json\/wp\/v2\/users\/1"}],"replies":[{"embeddable":true,"href":"https:\/\/www.eceas.com\/fr\/wp-json\/wp\/v2\/comments?post=22811"}],"version-history":[{"count":4,"href":"https:\/\/www.eceas.com\/fr\/wp-json\/wp\/v2\/pages\/22811\/revisions"}],"predecessor-version":[{"id":24034,"href":"https:\/\/www.eceas.com\/fr\/wp-json\/wp\/v2\/pages\/22811\/revisions\/24034"}],"wp:attachment":[{"href":"https:\/\/www.eceas.com\/fr\/wp-json\/wp\/v2\/media?parent=22811"}],"curies":[{"name":"wp","href":"https:\/\/api.w.org\/{rel}","templated":true}]}}