{"id":22819,"date":"2023-01-03T12:14:33","date_gmt":"2023-01-03T12:14:33","guid":{"rendered":"https:\/\/www.eceas.com\/?page_id=22819"},"modified":"2023-04-10T19:49:41","modified_gmt":"2023-04-10T19:49:41","slug":"nos-pratiques-en-matiere-de-ressources-humaines","status":"publish","type":"page","link":"https:\/\/www.eceas.com\/fr\/nos-pratiques-en-matiere-de-ressources-humaines\/","title":{"rendered":"Nos pratiques en mati\u00e8re de ressources humaines"},"content":{"rendered":"\t\t<div data-elementor-type=\"wp-page\" data-elementor-id=\"22819\" class=\"elementor elementor-22819\">\n\t\t\t\t\t\t<div class=\"elementor-inner\">\n\t\t\t\t<div class=\"elementor-section-wrap\">\n\t\t\t\t\t\t\t\t\t<section class=\"elementor-section-with-custom-width elementor-section elementor-top-section elementor-element elementor-element-b6665fd elementor-section-boxed elementor-section-height-default elementor-section-height-default wpr-particle-no wpr-jarallax-no wpr-parallax-no wpr-sticky-section-no sc_fly_static\" data-id=\"b6665fd\" data-element_type=\"section\">\n\t\t\t\t\t\t<div class=\"elementor-container elementor-column-gap-extended\">\n\t\t\t\t\t\t\t<div class=\"elementor-row\">\n\t\t\t\t\t<div class=\"elementor-column elementor-col-100 elementor-top-column elementor-element elementor-element-1977c9b sc_inner_width_none sc_content_align_inherit sc_layouts_column_icons_position_left sc_fly_static\" data-id=\"1977c9b\" data-element_type=\"column\">\n\t\t\t<div class=\"elementor-column-wrap elementor-element-populated\">\n\t\t\t\t\t\t\t<div class=\"elementor-widget-wrap\">\n\t\t\t\t\t\t<div class=\"elementor-element elementor-element-e35776b sc_fly_static elementor-widget elementor-widget-text-editor\" data-id=\"e35776b\" data-element_type=\"widget\" data-widget_type=\"text-editor.default\">\n\t\t\t\t<div class=\"elementor-widget-container\">\n\t\t\t\t\t\t\t\t<div class=\"elementor-text-editor elementor-clearfix\">\n\t\t\t\t<h4 class=\"p1\"><strong>S\u00e9lection et placement<\/strong><\/h4>\nPour attirer les candidats potentiels, nous devons notre entreprise en accord avec la planification strat\u00e9gique et les objectifs \u00e0 long terme, faire le processus de s\u00e9lection en accord avec l&#8217;\u00e9galit\u00e9 des chances et sans aucune discrimination ; ECE Piknik \u00dcr\u00fcnleri A.\u015e. d\u00e9velopper et g\u00e9rer professionnellement au sein d&#8217;un syst\u00e8me en pla\u00e7ant les personnes qui conviennent \u00e0 l&#8217;exp\u00e9rience et aux comp\u00e9tences requises par le poste. comme notre objectif principal. Les candidatures sont \u00e9valu\u00e9es sur la base des comp\u00e9tences par notre d\u00e9partement des ressources humaines. Dans un deuxi\u00e8me temps, les comp\u00e9tences techniques des candidats, qui sont pr\u00e9-\u00e9valu\u00e9es par le d\u00e9partement, sont \u00e9valu\u00e9es par les responsables d&#8217;unit\u00e9 concern\u00e9s, et les candidats sont s\u00e9lectionn\u00e9s parmi ceux qui pensent orient\u00e9s vers le client, sont ouverts \u00e0 l&#8217;apprentissage et au changement, sont compatibles avec les environnements multiculturels, suivent la technologie et les innovations, et sont compatibles avec le travail en \u00e9quipe.\n\n\u00c0 l&#8217;issue des \u00e9valuations, les candidats jug\u00e9s aptes \u00e0 occuper le poste en question confirment la validit\u00e9 de leur candidature ; une br\u00e8ve information pr\u00e9liminaire sur le poste est donn\u00e9e au candidat, une offre d&#8217;emploi est faite et le candidat qui accepte l&#8217;offre commence \u00e0 travailler.\n<h4 class=\"p1\"><strong>Orientation<\/strong><\/h4>\n<p class=\"p2\">La formation d&#8217;orientation fait partie du processus de recrutement ;<\/p>\nObjectifs de la formation d&#8217;orientation ; au personnel nouvellement recrut\u00e9 ; fournir des informations sur les politiques de l&#8217;entreprise, la structure organisationnelle de l&#8217;entreprise, le sujet et le processus de production-service, les droits et les responsabilit\u00e9s sociales, les conditions de travail, la s\u00e9curit\u00e9 au travail, r\u00e9duire le taux de rotation du personnel en emp\u00eachant l&#8217;ali\u00e9nation de l&#8217;employ\u00e9 au travail et \u00e0 l&#8217;entreprise, et en assurant son adaptation au travail.\n\nUn programme d&#8217;orientation comprenant des sujets de formation de base tels que des visites d&#8217;unit\u00e9s, o\u00f9 sont donn\u00e9es des informations g\u00e9n\u00e9rales sur l&#8217;entreprise, le d\u00e9partement o\u00f9 ils travailleront et les d\u00e9partements avec lesquels ils seront en relation, est introduit apr\u00e8s la fin du processus de recrutement.\n\nEn outre, des informations g\u00e9n\u00e9rales telles que l&#8217;histoire d&#8217;ECE Piknik \u00dcr\u00fcnleri A.\u015e., sa conception de la qualit\u00e9, la gamme de produits et les domaines d&#8217;utilisation, les r\u00e8gles du lieu de travail et les informations sur le transport sont donn\u00e9es au personnel qui commence \u00e0 travailler. En outre, les 2e et 6e mois du &#8220;Syst\u00e8me d&#8217;\u00e9valuation du personnel et du travail&#8221; de ce personnel font l&#8217;objet d&#8217;un suivi de leurs adaptations et d\u00e9veloppements au travail et au lieu de travail, et leurs r\u00e9actions sont \u00e9valu\u00e9es.\n<h4 class=\"p1\"><strong>Formation et d\u00e9veloppement<\/strong><\/h4>\nEn accord avec nos politiques de ressources humaines, tous nos employ\u00e9s nous rejoignent avec une formation d&#8217;orientation et poursuivent leur d\u00e9veloppement dans le cadre de programmes de formation annuels. ECE Picnic Products Inc. Alors que l&#8217;apprentissage et le d\u00e9veloppement continus sont consid\u00e9r\u00e9s comme la valeur la plus fondamentale de la croissance durable de notre entreprise, nous offrons des programmes qui peuvent contribuer au d\u00e9veloppement professionnel et personnel de nos employ\u00e9s avec des programmes de formation internes et externes dans ce sens.\n<h4 class=\"p5\"><strong>Gestion des performances<\/strong><\/h4>\n<p class=\"p2\">Notre syst\u00e8me de gestion des performances consiste en des processus de fixation d&#8217;objectifs, de suivi, d&#8217;\u00e9valuation interm\u00e9diaire et d&#8217;\u00e9valuation de fin d&#8217;ann\u00e9e. Nous tenons compte des donn\u00e9es obtenues \u00e0 partir des r\u00e9sultats de l&#8217;\u00e9valuation des performances dans des processus tels que la planification des ressources humaines, les \u00e9tudes de r\u00e9mun\u00e9ration et les plans de d\u00e9veloppement des employ\u00e9s.\n\nAvec le syst\u00e8me de gestion des performances que nous mettons en \u0153uvre, nous visons \u00e0 \u00e9valuer nos employ\u00e9s de mani\u00e8re \u00e9quitable et objective en fonction des objectifs fix\u00e9s, ainsi qu&#8217;\u00e0 contribuer \u00e0 la communication interne par le biais de r\u00e9unions cadres-employ\u00e9s et \u00e0 cr\u00e9er un environnement de &#8220;dialogue&#8221; \u00e0 double sens.\n<\/p>\n\n\n<h4 class=\"p4\"><strong>Prix et avantages<\/strong><\/h4>\n<p class=\"p4\">Chez ECE Piknik Products A.\u015e, un syst\u00e8me d&#8217;\u00e9valuation des emplois bas\u00e9 sur la nature du travail est appliqu\u00e9, ind\u00e9pendamment des titres des employ\u00e9s et de la fonction. Notre objectif avec le syst\u00e8me de r\u00e9mun\u00e9ration ; d\u00e9terminer le revenu de nos employ\u00e9s en fonction des donn\u00e9es actuelles du march\u00e9, conform\u00e9ment aux politiques \u00e9quitables et d&#8217;entreprise. En outre, un syst\u00e8me de r\u00e9mun\u00e9ration est utilis\u00e9 pour motiver l&#8217;employ\u00e9 en distinguant et en r\u00e9compensant les performances. Honoraires individuels ; Les r\u00e9sultats des performances sont \u00e9valu\u00e9s et revus une fois par an en janvier, en fonction des enqu\u00eates salariales, des indicateurs \u00e9conomiques, de la capacit\u00e9 de paiement de l&#8217;entreprise et des \u00e9quilibres internes de l&#8217;entreprise. Notre entreprise participe chaque ann\u00e9e \u00e0 des enqu\u00eates salariales et revoit sa strat\u00e9gie de r\u00e9mun\u00e9ration et d&#8217;avantages sociaux.<\/p>\n\n<h4 class=\"p4\"><strong>Fid\u00e9lisation des employ\u00e9s<\/strong><\/h4>\n<p class=\"p4\">ECE Picnic Products A.\u015e. Nous pensons que le sens du d\u00e9vouement de nos employ\u00e9s et leur passion pour le travail effectu\u00e9 conduisent notre entreprise \u00e0 des r\u00e9sultats commerciaux productifs. Dans ce sens, nos facteurs de motivation les plus importants sont de d\u00e9finir correctement les attentes de nos employ\u00e9s, de cr\u00e9er des plans de carri\u00e8re et d&#8217;offrir des opportunit\u00e9s, de d\u00e9velopper des syst\u00e8mes de r\u00e9compense et des pratiques d&#8217;incitation \u00e0 l&#8217;anciennet\u00e9 qui renforcent la loyaut\u00e9 des employ\u00e9s, et d&#8217;organiser des activit\u00e9s sociales qui augmentent la communication interne.<\/p>\t\t\t\t\t<\/div>\n\t\t\t\t\t\t<\/div>\n\t\t\t\t<\/div>\n\t\t\t\t\t\t<\/div>\n\t\t\t\t\t<\/div>\n\t\t<\/div>\n\t\t\t\t\t\t\t\t<\/div>\n\t\t\t\t\t<\/div>\n\t\t<\/section>\n\t\t\t\t\t\t\t\t\t<\/div>\n\t\t\t<\/div>\n\t\t\t\t\t<\/div>\n\t\t","protected":false},"excerpt":{"rendered":"<p>S\u00e9lection et placement Pour attirer les candidats potentiels, nous devons notre entreprise en accord avec la planification strat\u00e9gique et les objectifs \u00e0 long terme, faire le processus de s\u00e9lection en&hellip;<\/p>\n","protected":false},"author":1,"featured_media":0,"parent":0,"menu_order":0,"comment_status":"closed","ping_status":"closed","template":"","meta":{"footnotes":""},"class_list":["post-22819","page","type-page","status-publish","hentry"],"_links":{"self":[{"href":"https:\/\/www.eceas.com\/fr\/wp-json\/wp\/v2\/pages\/22819","targetHints":{"allow":["GET"]}}],"collection":[{"href":"https:\/\/www.eceas.com\/fr\/wp-json\/wp\/v2\/pages"}],"about":[{"href":"https:\/\/www.eceas.com\/fr\/wp-json\/wp\/v2\/types\/page"}],"author":[{"embeddable":true,"href":"https:\/\/www.eceas.com\/fr\/wp-json\/wp\/v2\/users\/1"}],"replies":[{"embeddable":true,"href":"https:\/\/www.eceas.com\/fr\/wp-json\/wp\/v2\/comments?post=22819"}],"version-history":[{"count":4,"href":"https:\/\/www.eceas.com\/fr\/wp-json\/wp\/v2\/pages\/22819\/revisions"}],"predecessor-version":[{"id":24038,"href":"https:\/\/www.eceas.com\/fr\/wp-json\/wp\/v2\/pages\/22819\/revisions\/24038"}],"wp:attachment":[{"href":"https:\/\/www.eceas.com\/fr\/wp-json\/wp\/v2\/media?parent=22819"}],"curies":[{"name":"wp","href":"https:\/\/api.w.org\/{rel}","templated":true}]}}