{"id":21808,"date":"2022-11-29T11:28:52","date_gmt":"2022-11-29T11:28:52","guid":{"rendered":"https:\/\/www.eceas.com\/?post_type=product&#038;p=21808"},"modified":"2023-05-09T11:55:48","modified_gmt":"2023-05-09T11:55:48","slug":"tasse-en-papier-7oz","status":"publish","type":"product","link":"https:\/\/www.eceas.com\/fr\/urun\/tasse-en-papier-7oz\/","title":{"rendered":"Tasse en papier 7oz"},"content":{"rendered":"","protected":false},"excerpt":{"rendered":"<p>Id\u00e9al pour servir le th\u00e9 et le caf\u00e9.<br \/>\nConvient aux boissons chaudes.<br \/>\nGr\u00e2ce \u00e0 ses motifs sp\u00e9ciaux, il vous permet de faire une pr\u00e9sentation \u00e9l\u00e9gante.<br \/>\nUsage unique.<br \/>\nSa structure est durable, elle ne coule pas, ne fuit pas et le produit ne se d\u00e9forme pas.<br \/>\nIl permet une utilisation confortable dans sa forme initiale sans perdre sa forme.<br \/>\nIl est fabriqu\u00e9 en carton de qualit\u00e9, \u00e9pais, votre main ne br\u00fblera pas lorsque vous boirez une boisson chaude.<br \/>\nIl peut \u00eatre utilis\u00e9 dans des lieux tels que les bureaux, les buffets, les h\u00f4pitaux, les \u00e9coles et les gymnases.<br \/>\nComme il s&#8217;agit d&#8217;un produit jetable, il est hygi\u00e9nique de l&#8217;utiliser dans des lieux tr\u00e8s fr\u00e9quent\u00e9s.<br \/>\nIl est fabriqu\u00e9 dans une usine ayant obtenu le certificat de s\u00e9curit\u00e9 Covid-19.<\/p>\n<div>\n<div>\n<h4>Informations d\u00e9taill\u00e9es sur le produit<\/h4>\n<\/div>\n<div class=\"product-detail-info\">\n<div class=\"row g-0\">\n<div class=\"col-lg-6\">\n<table style=\"height: 238px;\" border=\"10\" width=\"436\">\n<tbody>\n<tr>\n<td>\n<div class=\"d-flex justify-content-start align-items-center\">CODE PRODUIT<\/div>\n<\/td>\n<td class=\"px-3\">:<\/td>\n<td>EPK-613<\/td>\n<\/tr>\n<tr>\n<td>\n<div class=\"d-flex justify-content-start align-items-center\">DIMENSIONS<\/div>\n<\/td>\n<td class=\"px-3\">:<\/td>\n<td>70 x 80<\/td>\n<\/tr>\n<tr>\n<td>\n<div class=\"d-flex justify-content-start align-items-center\">QUANTIT\u00c9 DANS L&#8217;EMBALLAGE<\/div>\n<\/td>\n<td class=\"px-3\">:<\/td>\n<td>10<\/td>\n<\/tr>\n<tr>\n<td>\n<div class=\"d-flex justify-content-start align-items-center\">QT\u00c9 EN BO\u00ceTE<\/div>\n<\/td>\n<td class=\"px-3\">:<\/td>\n<td>30<\/td>\n<\/tr>\n<\/tbody>\n<\/table>\n<\/div>\n<\/div>\n<\/div>\n<\/div>\n<div class=\"product-detail-info\">\n<div class=\"row g-0\">\n<div class=\"col-lg-6\"><\/div>\n<\/div>\n<\/div>\n","protected":false},"featured_media":23807,"template":"","meta":[],"product_cat":[195,196],"product_tag":[],"class_list":["post-21808","product","type-product","status-publish","has-post-thumbnail","hentry","product_cat-tek-kullanimlik-urunler","product_cat-kagit-bardaklar"],"_links":{"self":[{"href":"https:\/\/www.eceas.com\/fr\/wp-json\/wp\/v2\/product\/21808","targetHints":{"allow":["GET"]}}],"collection":[{"href":"https:\/\/www.eceas.com\/fr\/wp-json\/wp\/v2\/product"}],"about":[{"href":"https:\/\/www.eceas.com\/fr\/wp-json\/wp\/v2\/types\/product"}],"version-history":[{"count":7,"href":"https:\/\/www.eceas.com\/fr\/wp-json\/wp\/v2\/product\/21808\/revisions"}],"predecessor-version":[{"id":24533,"href":"https:\/\/www.eceas.com\/fr\/wp-json\/wp\/v2\/product\/21808\/revisions\/24533"}],"wp:featuredmedia":[{"embeddable":true,"href":"https:\/\/www.eceas.com\/fr\/wp-json\/wp\/v2\/media\/23807"}],"wp:attachment":[{"href":"https:\/\/www.eceas.com\/fr\/wp-json\/wp\/v2\/media?parent=21808"}],"wp:term":[{"taxonomy":"product_cat","embeddable":true,"href":"https:\/\/www.eceas.com\/fr\/wp-json\/wp\/v2\/product_cat?post=21808"},{"taxonomy":"product_tag","embeddable":true,"href":"https:\/\/www.eceas.com\/fr\/wp-json\/wp\/v2\/product_tag?post=21808"}],"curies":[{"name":"wp","href":"https:\/\/api.w.org\/{rel}","templated":true}]}}