{"id":21812,"date":"2022-11-29T11:31:56","date_gmt":"2022-11-29T11:31:56","guid":{"rendered":"https:\/\/www.eceas.com\/?post_type=product&#038;p=21812"},"modified":"2023-05-09T11:56:32","modified_gmt":"2023-05-09T11:56:32","slug":"gobelet-en-papier-bleu-8oz","status":"publish","type":"product","link":"https:\/\/www.eceas.com\/fr\/urun\/gobelet-en-papier-bleu-8oz\/","title":{"rendered":"Gobelet en papier bleu 8oz"},"content":{"rendered":"","protected":false},"excerpt":{"rendered":"<p>Il est indispensable pour les f\u00eates et les c\u00e9l\u00e9brations gr\u00e2ce \u00e0 ses motifs amusants, vibrants et \u00e9l\u00e9gants.<br \/>\nIl vous aide \u00e0 pr\u00e9parer des tables \u00e9l\u00e9gantes dans diff\u00e9rents concepts gr\u00e2ce \u00e0 ses motifs sp\u00e9ciaux.<br \/>\nId\u00e9al pour les invitations, les anniversaires, les f\u00eates, les c\u00e9l\u00e9brations, les r\u00e9unions et les bureaux.<br \/>\nIl offre des possibilit\u00e9s de pr\u00e9sentation pratiques, hygi\u00e9niques et agr\u00e9ables sur vos tables bond\u00e9es.<br \/>\nId\u00e9ale pour les services de th\u00e9 et de caf\u00e9.<br \/>\nConvient aux boissons chaudes.<br \/>\nUsage unique.<br \/>\nSa structure est durable, elle ne fuit pas et le produit ne se d\u00e9forme pas.<br \/>\nIl offre une utilisation confortable dans sa forme initiale sans perdre sa forme.<br \/>\nIl est fabriqu\u00e9 en carton de qualit\u00e9, \u00e9pais, votre main ne br\u00fblera pas lorsque vous boirez une boisson chaude.<br \/>\nIl peut \u00eatre utilis\u00e9 dans des lieux tels que les bureaux, les buffets, les p\u00e2tisseries, les h\u00f4pitaux, les \u00e9coles et les gymnases.<br \/>\nComme il s&#8217;agit d&#8217;un produit jetable, il est hygi\u00e9nique de l&#8217;utiliser dans des lieux tr\u00e8s fr\u00e9quent\u00e9s.<br \/>\nIl est fabriqu\u00e9 dans une usine ayant obtenu le certificat de production s\u00fbre Covid-19.<\/p>\n<div>\n<h4>Informations d\u00e9taill\u00e9es sur le produit<\/h4>\n<\/div>\n<div class=\"product-detail-info\">\n<div class=\"row g-0\">\n<div class=\"col-lg-6\">\n<table style=\"height: 235px;\" border=\"10\" width=\"426\">\n<tbody>\n<tr>\n<td>\n<div class=\"d-flex justify-content-start align-items-center\">CODE PRODUIT<\/div>\n<\/td>\n<td class=\"px-3\">:<\/td>\n<td>EPK-703<\/td>\n<\/tr>\n<tr>\n<td>\n<div class=\"d-flex justify-content-start align-items-center\">DIMENSIONS<\/div>\n<\/td>\n<td class=\"px-3\">:<\/td>\n<td>79,8 x 81,5<\/td>\n<\/tr>\n<tr>\n<td>\n<div class=\"d-flex justify-content-start align-items-center\">QUANTIT\u00c9 DANS L&#8217;EMBALLAGE<\/div>\n<\/td>\n<td class=\"px-3\">:<\/td>\n<td>8<\/td>\n<\/tr>\n<tr>\n<td>\n<div class=\"d-flex justify-content-start align-items-center\">QT\u00c9 EN BO\u00ceTE<\/div>\n<\/td>\n<td class=\"px-3\">:<\/td>\n<td><\/td>\n<\/tr>\n<\/tbody>\n<\/table>\n<\/div>\n<\/div>\n<\/div>\n","protected":false},"featured_media":23819,"template":"","meta":[],"product_cat":[195,196],"product_tag":[],"class_list":["post-21812","product","type-product","status-publish","has-post-thumbnail","hentry","product_cat-tek-kullanimlik-urunler","product_cat-kagit-bardaklar"],"_links":{"self":[{"href":"https:\/\/www.eceas.com\/fr\/wp-json\/wp\/v2\/product\/21812","targetHints":{"allow":["GET"]}}],"collection":[{"href":"https:\/\/www.eceas.com\/fr\/wp-json\/wp\/v2\/product"}],"about":[{"href":"https:\/\/www.eceas.com\/fr\/wp-json\/wp\/v2\/types\/product"}],"version-history":[{"count":6,"href":"https:\/\/www.eceas.com\/fr\/wp-json\/wp\/v2\/product\/21812\/revisions"}],"predecessor-version":[{"id":24535,"href":"https:\/\/www.eceas.com\/fr\/wp-json\/wp\/v2\/product\/21812\/revisions\/24535"}],"wp:featuredmedia":[{"embeddable":true,"href":"https:\/\/www.eceas.com\/fr\/wp-json\/wp\/v2\/media\/23819"}],"wp:attachment":[{"href":"https:\/\/www.eceas.com\/fr\/wp-json\/wp\/v2\/media?parent=21812"}],"wp:term":[{"taxonomy":"product_cat","embeddable":true,"href":"https:\/\/www.eceas.com\/fr\/wp-json\/wp\/v2\/product_cat?post=21812"},{"taxonomy":"product_tag","embeddable":true,"href":"https:\/\/www.eceas.com\/fr\/wp-json\/wp\/v2\/product_tag?post=21812"}],"curies":[{"name":"wp","href":"https:\/\/api.w.org\/{rel}","templated":true}]}}