{"id":21818,"date":"2022-11-29T11:36:25","date_gmt":"2022-11-29T11:36:25","guid":{"rendered":"https:\/\/www.eceas.com\/?post_type=product&#038;p=21818"},"modified":"2023-05-09T11:57:58","modified_gmt":"2023-05-09T11:57:58","slug":"gobelet-en-cristal-180cc","status":"publish","type":"product","link":"https:\/\/www.eceas.com\/fr\/urun\/gobelet-en-cristal-180cc\/","title":{"rendered":"Gobelet en cristal 180cc"},"content":{"rendered":"","protected":false},"excerpt":{"rendered":"<div id=\"product-detail\" class=\"lead\" data-id=\"34\">\n<ul class=\"ul1\">\n<li class=\"li1\">\u00c9tant donn\u00e9 qu&#8217;il est produit \u00e0 partir d&#8217;un mat\u00e9riau en cristal, il offre une possibilit\u00e9 de pr\u00e9sentation \u00e9l\u00e9gante dans des organisations telles que des f\u00eates, des invitations et des c\u00e9l\u00e9brations.<\/li>\n<li class=\"li1\">Id\u00e9al pour les services d&#8217;eau et de boissons.<\/li>\n<li class=\"li1\">Il convient \u00e0 l&#8217;utilisation de boissons froides.<\/li>\n<li class=\"li1\">Il est jetable, il est tr\u00e8s utile en termes d&#8217;hygi\u00e8ne et de praticit\u00e9 gr\u00e2ce \u00e0 son usage unique.<\/li>\n<li class=\"li1\">Il poss\u00e8de une structure durable, ne fuit pas, ne se d\u00e9forme pas et le produit ne se d\u00e9forme pas.<\/li>\n<li class=\"li1\">Dans sa premi\u00e8re forme, il permet une utilisation confortable sans perdre sa forme.<\/li>\n<li class=\"li1\">Il peut \u00eatre utilis\u00e9 \u00e0 la maison, dans le jardin, lors de pique-niques, au bureau, dans toutes sortes d&#8217;organisations.<\/li>\n<li class=\"li1\">Il est hygi\u00e9nique car il s&#8217;agit d&#8217;un produit jetable dans les lieux bond\u00e9s.<\/li>\n<li class=\"li2\">Produit dans une usine certifi\u00e9e Covid-19 Safe Production.<\/li>\n<\/ul>\n<div>\n<h4>Informations d\u00e9taill\u00e9es sur le produit<\/h4>\n<\/div>\n<div class=\"product-detail-info\">\n<div class=\"row g-0\">\n<div class=\"col-lg-6\">\n<table style=\"height: 236px;\" border=\"10\" width=\"456\">\n<tbody>\n<tr>\n<td>\n<div class=\"d-flex justify-content-start align-items-center\">CODE PRODUIT<\/div>\n<\/td>\n<td class=\"px-3\">:<\/td>\n<td>EPK-666-1<\/td>\n<\/tr>\n<tr>\n<td>\n<div class=\"d-flex justify-content-start align-items-center\">DIMENSIONS<\/div>\n<\/td>\n<td class=\"px-3\">:<\/td>\n<td>79 x 70<\/td>\n<\/tr>\n<tr>\n<td>\n<div class=\"d-flex justify-content-start align-items-center\">QUANTIT\u00c9 DANS L&#8217;EMBALLAGE<\/div>\n<\/td>\n<td class=\"px-3\">:<\/td>\n<td>10<\/td>\n<\/tr>\n<tr>\n<td>\n<div class=\"d-flex justify-content-start align-items-center\">QT\u00c9 EN BO\u00ceTE<\/div>\n<\/td>\n<td class=\"px-3\">:<\/td>\n<td>45<\/td>\n<\/tr>\n<\/tbody>\n<\/table>\n<\/div>\n<\/div>\n<\/div>\n<\/div>\n","protected":false},"featured_media":21819,"template":"","meta":[],"product_cat":[195,197],"product_tag":[],"class_list":["post-21818","product","type-product","status-publish","has-post-thumbnail","hentry","product_cat-tek-kullanimlik-urunler","product_cat-plastik-bardaklar"],"_links":{"self":[{"href":"https:\/\/www.eceas.com\/fr\/wp-json\/wp\/v2\/product\/21818","targetHints":{"allow":["GET"]}}],"collection":[{"href":"https:\/\/www.eceas.com\/fr\/wp-json\/wp\/v2\/product"}],"about":[{"href":"https:\/\/www.eceas.com\/fr\/wp-json\/wp\/v2\/types\/product"}],"version-history":[{"count":4,"href":"https:\/\/www.eceas.com\/fr\/wp-json\/wp\/v2\/product\/21818\/revisions"}],"predecessor-version":[{"id":24538,"href":"https:\/\/www.eceas.com\/fr\/wp-json\/wp\/v2\/product\/21818\/revisions\/24538"}],"wp:featuredmedia":[{"embeddable":true,"href":"https:\/\/www.eceas.com\/fr\/wp-json\/wp\/v2\/media\/21819"}],"wp:attachment":[{"href":"https:\/\/www.eceas.com\/fr\/wp-json\/wp\/v2\/media?parent=21818"}],"wp:term":[{"taxonomy":"product_cat","embeddable":true,"href":"https:\/\/www.eceas.com\/fr\/wp-json\/wp\/v2\/product_cat?post=21818"},{"taxonomy":"product_tag","embeddable":true,"href":"https:\/\/www.eceas.com\/fr\/wp-json\/wp\/v2\/product_tag?post=21818"}],"curies":[{"name":"wp","href":"https:\/\/api.w.org\/{rel}","templated":true}]}}