{"id":21827,"date":"2022-11-29T11:40:46","date_gmt":"2022-11-29T11:40:46","guid":{"rendered":"https:\/\/www.eceas.com\/?post_type=product&#038;p=21827"},"modified":"2023-05-09T12:06:22","modified_gmt":"2023-05-09T12:06:22","slug":"distributeur-automatique-de-gobelets-en-plastique-180cc-eco","status":"publish","type":"product","link":"https:\/\/www.eceas.com\/fr\/urun\/distributeur-automatique-de-gobelets-en-plastique-180cc-eco\/","title":{"rendered":"Distributeur automatique de gobelets en plastique 180cc Eco"},"content":{"rendered":"","protected":false},"excerpt":{"rendered":"<ul class=\"ul1\">\n<li class=\"li1\">Il peut \u00eatre utilis\u00e9 dans les distributeurs automatiques.<\/li>\n<li class=\"li1\">Id\u00e9al pour les services d&#8217;eau et de boissons.<\/li>\n<li class=\"li1\">Il convient \u00e0 l&#8217;utilisation de boissons froides.<\/li>\n<li class=\"li1\">Il est jetable.<\/li>\n<li class=\"li1\">Il poss\u00e8de une structure durable, ne fuit pas, ne se d\u00e9forme pas et le produit ne se d\u00e9forme pas.<\/li>\n<li class=\"li1\">Dans sa premi\u00e8re forme, il permet une utilisation confortable sans perdre sa forme.<\/li>\n<li class=\"li1\">Il peut \u00eatre utilis\u00e9 \u00e0 la maison, au jardin, en pique-nique, au bureau, \u00e0 l&#8217;h\u00f4pital, \u00e0 l&#8217;\u00e9cole et dans les gymnases.<\/li>\n<li class=\"li1\">Comme il s&#8217;agit d&#8217;un produit jetable, il est hygi\u00e9nique de l&#8217;utiliser dans les lieux bond\u00e9s.<\/li>\n<li class=\"li2\">Produit dans une usine certifi\u00e9e Covid-19 Safe Production.<\/li>\n<\/ul>\n<div>\n<h4>Informations d\u00e9taill\u00e9es sur le produit<\/h4>\n<\/div>\n<div class=\"product-detail-info\">\n<div class=\"row g-0\">\n<div class=\"col-lg-6\">\n<table style=\"height: 238px;\" border=\"10\" width=\"476\">\n<tbody>\n<tr>\n<td>\n<div class=\"d-flex justify-content-start align-items-center\">CODE PRODUIT<\/div>\n<\/td>\n<td class=\"px-3\">:<\/td>\n<td>EPK-716-2<\/td>\n<\/tr>\n<tr>\n<td>\n<div class=\"d-flex justify-content-start align-items-center\">DIMENSIONS<\/div>\n<\/td>\n<td class=\"px-3\">:<\/td>\n<td>67 x 82<\/td>\n<\/tr>\n<tr>\n<td>\n<div class=\"d-flex justify-content-start align-items-center\">QUANTIT\u00c9 DANS L&#8217;EMBALLAGE<\/div>\n<\/td>\n<td class=\"px-3\">:<\/td>\n<td>10<\/td>\n<\/tr>\n<tr>\n<td>\n<div class=\"d-flex justify-content-start align-items-center\">QT\u00c9 EN BO\u00ceTE<\/div>\n<\/td>\n<td class=\"px-3\">:<\/td>\n<td>36<\/td>\n<\/tr>\n<\/tbody>\n<\/table>\n<\/div>\n<\/div>\n<\/div>\n","protected":false},"featured_media":21828,"template":"","meta":[],"product_cat":[195,197],"product_tag":[],"class_list":["post-21827","product","type-product","status-publish","has-post-thumbnail","hentry","product_cat-tek-kullanimlik-urunler","product_cat-plastik-bardaklar"],"_links":{"self":[{"href":"https:\/\/www.eceas.com\/fr\/wp-json\/wp\/v2\/product\/21827","targetHints":{"allow":["GET"]}}],"collection":[{"href":"https:\/\/www.eceas.com\/fr\/wp-json\/wp\/v2\/product"}],"about":[{"href":"https:\/\/www.eceas.com\/fr\/wp-json\/wp\/v2\/types\/product"}],"version-history":[{"count":4,"href":"https:\/\/www.eceas.com\/fr\/wp-json\/wp\/v2\/product\/21827\/revisions"}],"predecessor-version":[{"id":24542,"href":"https:\/\/www.eceas.com\/fr\/wp-json\/wp\/v2\/product\/21827\/revisions\/24542"}],"wp:featuredmedia":[{"embeddable":true,"href":"https:\/\/www.eceas.com\/fr\/wp-json\/wp\/v2\/media\/21828"}],"wp:attachment":[{"href":"https:\/\/www.eceas.com\/fr\/wp-json\/wp\/v2\/media?parent=21827"}],"wp:term":[{"taxonomy":"product_cat","embeddable":true,"href":"https:\/\/www.eceas.com\/fr\/wp-json\/wp\/v2\/product_cat?post=21827"},{"taxonomy":"product_tag","embeddable":true,"href":"https:\/\/www.eceas.com\/fr\/wp-json\/wp\/v2\/product_tag?post=21827"}],"curies":[{"name":"wp","href":"https:\/\/api.w.org\/{rel}","templated":true}]}}