{"id":21849,"date":"2022-11-29T11:57:01","date_gmt":"2022-11-29T11:57:01","guid":{"rendered":"https:\/\/www.eceas.com\/?post_type=product&#038;p=21849"},"modified":"2023-05-09T11:53:34","modified_gmt":"2023-05-09T11:53:34","slug":"plaque-en-mousse-a-3-compartiments","status":"publish","type":"product","link":"https:\/\/www.eceas.com\/fr\/urun\/plaque-en-mousse-a-3-compartiments\/","title":{"rendered":"Plaque en mousse \u00e0 3 compartiments"},"content":{"rendered":"","protected":false},"excerpt":{"rendered":"<ul class=\"ul1\">\n<li class=\"li1\">Il offre la possibilit\u00e9 de servir diff\u00e9rents aliments ensemble gr\u00e2ce \u00e0 ses 3 sections s\u00e9par\u00e9es.<\/li>\n<li class=\"li1\">C&#8217;est un mat\u00e9riau en mousse.<\/li>\n<li class=\"li1\">Il poss\u00e8de une structure solide et durable.<\/li>\n<li class=\"li1\">Convient \u00e0 toutes sortes d&#8217;utilisations alimentaires.<\/li>\n<li class=\"li1\">Les assiettes jetables, qui n&#8217;ont pas \u00e0 se soucier du lavage, sont pratiques et faciles \u00e0 utiliser.<\/li>\n<li class=\"li1\">Id\u00e9al pour les invitations de foule, les f\u00eates, les c\u00e9l\u00e9brations, les r\u00e9unions et le bureau.<\/li>\n<li class=\"li1\">Comme il s&#8217;agit d&#8217;un produit jetable, il est extr\u00eamement hygi\u00e9nique et peut \u00eatre utilis\u00e9 en toute s\u00e9curit\u00e9.<\/li>\n<li class=\"li1\">Produit dans une usine certifi\u00e9e Covid-19 Safe Production.<\/li>\n<li class=\"li2\">Le diam\u00e8tre du produit est de 24,5 cm.<\/li>\n<\/ul>\n<div>\n<h4>Informations d\u00e9taill\u00e9es sur le produit<\/h4>\n<\/div>\n<div class=\"product-detail-info\">\n<div class=\"row g-0\">\n<div class=\"col-lg-6\">\n<table style=\"height: 235px;\" border=\"10\" width=\"444\">\n<tbody>\n<tr>\n<td>\n<div class=\"d-flex justify-content-start align-items-center\">CODE PRODUIT<\/div>\n<\/td>\n<td class=\"px-3\">:<\/td>\n<td>EPK-626-1<\/td>\n<\/tr>\n<tr>\n<td>\n<div class=\"d-flex justify-content-start align-items-center\">DIMENSIONS<\/div>\n<\/td>\n<td class=\"px-3\">:<\/td>\n<td>235 x 240<\/td>\n<\/tr>\n<tr>\n<td>\n<div class=\"d-flex justify-content-start align-items-center\">QUANTIT\u00c9 DANS L&#8217;EMBALLAGE<\/div>\n<\/td>\n<td class=\"px-3\">:<\/td>\n<td>5<\/td>\n<\/tr>\n<tr>\n<td>\n<div class=\"d-flex justify-content-start align-items-center\">QT\u00c9 EN BO\u00ceTE<\/div>\n<\/td>\n<td class=\"px-3\">:<\/td>\n<td>16<\/td>\n<\/tr>\n<\/tbody>\n<\/table>\n<\/div>\n<\/div>\n<\/div>\n","protected":false},"featured_media":21850,"template":"","meta":[],"product_cat":[195,200],"product_tag":[],"class_list":["post-21849","product","type-product","status-publish","has-post-thumbnail","hentry","product_cat-tek-kullanimlik-urunler","product_cat-kopuk-tabak"],"_links":{"self":[{"href":"https:\/\/www.eceas.com\/fr\/wp-json\/wp\/v2\/product\/21849","targetHints":{"allow":["GET"]}}],"collection":[{"href":"https:\/\/www.eceas.com\/fr\/wp-json\/wp\/v2\/product"}],"about":[{"href":"https:\/\/www.eceas.com\/fr\/wp-json\/wp\/v2\/types\/product"}],"version-history":[{"count":4,"href":"https:\/\/www.eceas.com\/fr\/wp-json\/wp\/v2\/product\/21849\/revisions"}],"predecessor-version":[{"id":24528,"href":"https:\/\/www.eceas.com\/fr\/wp-json\/wp\/v2\/product\/21849\/revisions\/24528"}],"wp:featuredmedia":[{"embeddable":true,"href":"https:\/\/www.eceas.com\/fr\/wp-json\/wp\/v2\/media\/21850"}],"wp:attachment":[{"href":"https:\/\/www.eceas.com\/fr\/wp-json\/wp\/v2\/media?parent=21849"}],"wp:term":[{"taxonomy":"product_cat","embeddable":true,"href":"https:\/\/www.eceas.com\/fr\/wp-json\/wp\/v2\/product_cat?post=21849"},{"taxonomy":"product_tag","embeddable":true,"href":"https:\/\/www.eceas.com\/fr\/wp-json\/wp\/v2\/product_tag?post=21849"}],"curies":[{"name":"wp","href":"https:\/\/api.w.org\/{rel}","templated":true}]}}