{"id":21853,"date":"2022-11-29T11:59:34","date_gmt":"2022-11-29T11:59:34","guid":{"rendered":"https:\/\/www.eceas.com\/?post_type=product&#038;p=21853"},"modified":"2023-05-09T11:54:18","modified_gmt":"2023-05-09T11:54:18","slug":"bol-en-aluminium-250cc","status":"publish","type":"product","link":"https:\/\/www.eceas.com\/fr\/urun\/bol-en-aluminium-250cc\/","title":{"rendered":"Bol en aluminium 250cc"},"content":{"rendered":"","protected":false},"excerpt":{"rendered":"<div id=\"product-detail\" class=\"lead\" data-id=\"120\">\n<ul class=\"ul1\">\n<li class=\"li1\">Il peut \u00eatre utilis\u00e9 pour servir des aliments chauds ou froids.<\/li>\n<li class=\"li1\">Il est pratique et facile \u00e0 utiliser.<\/li>\n<li class=\"li1\">Il est r\u00e9sistant \u00e0 la chaleur.<\/li>\n<li class=\"li2\">Comme il s&#8217;agit d&#8217;un produit jetable, il est extr\u00eamement hygi\u00e9nique et peut \u00eatre utilis\u00e9 en toute s\u00e9curit\u00e9.<\/li>\n<\/ul>\n<div>\n<h4>Informations d\u00e9taill\u00e9es sur le produit<\/h4>\n<\/div>\n<div class=\"product-detail-info\">\n<div class=\"row g-0\">\n<div class=\"col-lg-6\">\n<table style=\"height: 238px;\" border=\"10\" width=\"432\">\n<tbody>\n<tr>\n<td>\n<div class=\"d-flex justify-content-start align-items-center\">CODE PRODUIT<\/div>\n<\/td>\n<td class=\"px-3\">:<\/td>\n<td>EPK-705<\/td>\n<\/tr>\n<tr>\n<td>\n<div class=\"d-flex justify-content-start align-items-center\">DIMENSIONS<\/div>\n<\/td>\n<td class=\"px-3\">:<\/td>\n<td>117,78 x 141,2<\/td>\n<\/tr>\n<tr>\n<td>\n<div class=\"d-flex justify-content-start align-items-center\">QUANTIT\u00c9 DANS L&#8217;EMBALLAGE<\/div>\n<\/td>\n<td class=\"px-3\">:<\/td>\n<td>10<\/td>\n<\/tr>\n<tr>\n<td>\n<div class=\"d-flex justify-content-start align-items-center\">QT\u00c9 EN BO\u00ceTE<\/div>\n<\/td>\n<td class=\"px-3\">:<\/td>\n<td>36<\/td>\n<\/tr>\n<\/tbody>\n<\/table>\n<\/div>\n<\/div>\n<\/div>\n<\/div>\n","protected":false},"featured_media":21854,"template":"","meta":[],"product_cat":[195,201],"product_tag":[],"class_list":["post-21853","product","type-product","status-publish","has-post-thumbnail","hentry","product_cat-tek-kullanimlik-urunler","product_cat-aluminyum-kaplar"],"_links":{"self":[{"href":"https:\/\/www.eceas.com\/fr\/wp-json\/wp\/v2\/product\/21853","targetHints":{"allow":["GET"]}}],"collection":[{"href":"https:\/\/www.eceas.com\/fr\/wp-json\/wp\/v2\/product"}],"about":[{"href":"https:\/\/www.eceas.com\/fr\/wp-json\/wp\/v2\/types\/product"}],"version-history":[{"count":4,"href":"https:\/\/www.eceas.com\/fr\/wp-json\/wp\/v2\/product\/21853\/revisions"}],"predecessor-version":[{"id":24530,"href":"https:\/\/www.eceas.com\/fr\/wp-json\/wp\/v2\/product\/21853\/revisions\/24530"}],"wp:featuredmedia":[{"embeddable":true,"href":"https:\/\/www.eceas.com\/fr\/wp-json\/wp\/v2\/media\/21854"}],"wp:attachment":[{"href":"https:\/\/www.eceas.com\/fr\/wp-json\/wp\/v2\/media?parent=21853"}],"wp:term":[{"taxonomy":"product_cat","embeddable":true,"href":"https:\/\/www.eceas.com\/fr\/wp-json\/wp\/v2\/product_cat?post=21853"},{"taxonomy":"product_tag","embeddable":true,"href":"https:\/\/www.eceas.com\/fr\/wp-json\/wp\/v2\/product_tag?post=21853"}],"curies":[{"name":"wp","href":"https:\/\/api.w.org\/{rel}","templated":true}]}}