{"id":21857,"date":"2022-11-29T12:01:29","date_gmt":"2022-11-29T12:01:29","guid":{"rendered":"https:\/\/www.eceas.com\/?post_type=product&#038;p=21857"},"modified":"2023-05-09T11:50:03","modified_gmt":"2023-05-09T11:50:03","slug":"fourchette-de-luxe-en-plastique","status":"publish","type":"product","link":"https:\/\/www.eceas.com\/fr\/urun\/fourchette-de-luxe-en-plastique\/","title":{"rendered":"Fourchette de luxe en plastique"},"content":{"rendered":"","protected":false},"excerpt":{"rendered":"<ul class=\"ul1\">\n<li class=\"li1\">Il a un design moderne et \u00e9l\u00e9gant.<\/li>\n<li class=\"li1\">Il offre des possibilit\u00e9s de pr\u00e9sentation pratiques, hygi\u00e9niques et agr\u00e9ables sur vos tables bond\u00e9es.<\/li>\n<li class=\"li1\">Il poss\u00e8de une structure solide et durable, qui ne se casse pas facilement.<\/li>\n<li class=\"li1\">Les fourchettes jetables, qui n&#8217;ont pas \u00e0 se soucier du lavage, sont pratiques et faciles \u00e0 utiliser.<\/li>\n<li class=\"li1\">Id\u00e9al pour les invitations de foule, les f\u00eates, les c\u00e9l\u00e9brations, les r\u00e9unions et le bureau.<\/li>\n<li class=\"li1\">Comme il s&#8217;agit d&#8217;un produit jetable, il est extr\u00eamement hygi\u00e9nique et peut \u00eatre utilis\u00e9 en toute s\u00e9curit\u00e9.<\/li>\n<li class=\"li2\">Produit dans une usine certifi\u00e9e Covid-19 Safe Production.<\/li>\n<\/ul>\n<div>\n<h4>Informations d\u00e9taill\u00e9es sur le produit<\/h4>\n<\/div>\n<div class=\"product-detail-info\">\n<div class=\"row g-0\">\n<div class=\"col-lg-6\">\n<table style=\"height: 216px;\" border=\"10\" width=\"386\">\n<tbody>\n<tr>\n<td>\n<div class=\"d-flex justify-content-start align-items-center\">CODE PRODUIT<\/div>\n<\/td>\n<td class=\"px-3\">:<\/td>\n<td>EPK-619-1<\/td>\n<\/tr>\n<tr>\n<td>\n<div class=\"d-flex justify-content-start align-items-center\">DIMENSIONS<\/div>\n<\/td>\n<td class=\"px-3\">:<\/td>\n<td>25 x 178<\/td>\n<\/tr>\n<tr>\n<td>\n<div class=\"d-flex justify-content-start align-items-center\">QUANTIT\u00c9 DANS L&#8217;EMBALLAGE<\/div>\n<\/td>\n<td class=\"px-3\">:<\/td>\n<td>10<\/td>\n<\/tr>\n<tr>\n<td>\n<div class=\"d-flex justify-content-start align-items-center\">QT\u00c9 EN BO\u00ceTE<\/div>\n<\/td>\n<td class=\"px-3\">:<\/td>\n<td>50<\/td>\n<\/tr>\n<\/tbody>\n<\/table>\n<p>&nbsp;<\/p>\n<\/div>\n<\/div>\n<\/div>\n","protected":false},"featured_media":21858,"template":"","meta":[],"product_cat":[195,202],"product_tag":[],"class_list":["post-21857","product","type-product","status-publish","has-post-thumbnail","hentry","product_cat-tek-kullanimlik-urunler","product_cat-catallar"],"_links":{"self":[{"href":"https:\/\/www.eceas.com\/fr\/wp-json\/wp\/v2\/product\/21857","targetHints":{"allow":["GET"]}}],"collection":[{"href":"https:\/\/www.eceas.com\/fr\/wp-json\/wp\/v2\/product"}],"about":[{"href":"https:\/\/www.eceas.com\/fr\/wp-json\/wp\/v2\/types\/product"}],"version-history":[{"count":4,"href":"https:\/\/www.eceas.com\/fr\/wp-json\/wp\/v2\/product\/21857\/revisions"}],"predecessor-version":[{"id":24522,"href":"https:\/\/www.eceas.com\/fr\/wp-json\/wp\/v2\/product\/21857\/revisions\/24522"}],"wp:featuredmedia":[{"embeddable":true,"href":"https:\/\/www.eceas.com\/fr\/wp-json\/wp\/v2\/media\/21858"}],"wp:attachment":[{"href":"https:\/\/www.eceas.com\/fr\/wp-json\/wp\/v2\/media?parent=21857"}],"wp:term":[{"taxonomy":"product_cat","embeddable":true,"href":"https:\/\/www.eceas.com\/fr\/wp-json\/wp\/v2\/product_cat?post=21857"},{"taxonomy":"product_tag","embeddable":true,"href":"https:\/\/www.eceas.com\/fr\/wp-json\/wp\/v2\/product_tag?post=21857"}],"curies":[{"name":"wp","href":"https:\/\/api.w.org\/{rel}","templated":true}]}}