{"id":21862,"date":"2022-11-29T12:03:07","date_gmt":"2022-11-29T12:03:07","guid":{"rendered":"https:\/\/www.eceas.com\/?post_type=product&#038;p=21862"},"modified":"2023-05-09T11:52:19","modified_gmt":"2023-05-09T11:52:19","slug":"fourchette-en-plastique-coloree-pour-la-fete","status":"publish","type":"product","link":"https:\/\/www.eceas.com\/fr\/urun\/fourchette-en-plastique-coloree-pour-la-fete\/","title":{"rendered":"Fourchette en plastique color\u00e9e pour la f\u00eate"},"content":{"rendered":"","protected":false},"excerpt":{"rendered":"<ul class=\"ul1\">\n<li class=\"li1\">Avec ses couleurs vives, il offre des possibilit\u00e9s de pr\u00e9sentation pratiques, hygi\u00e9niques et agr\u00e9ables dans vos organisations telles que les f\u00eates, les invitations et les c\u00e9l\u00e9brations.<\/li>\n<li class=\"li1\">Il offre des possibilit\u00e9s de pr\u00e9sentation pratiques, hygi\u00e9niques et agr\u00e9ables sur vos tables bond\u00e9es.<\/li>\n<li class=\"li1\">Il poss\u00e8de une structure solide et durable, qui ne se casse pas facilement.<\/li>\n<li class=\"li1\">Les fourchettes jetables, qui n&#8217;ont pas \u00e0 se soucier du lavage, sont pratiques et faciles \u00e0 utiliser.<\/li>\n<li class=\"li1\">Id\u00e9al pour les invitations de foule, les f\u00eates, les c\u00e9l\u00e9brations, les r\u00e9unions et le bureau.<\/li>\n<li class=\"li1\">Comme il s&#8217;agit d&#8217;un produit jetable, il est extr\u00eamement hygi\u00e9nique et peut \u00eatre utilis\u00e9 en toute s\u00e9curit\u00e9.<\/li>\n<li class=\"li1\">Il est produit en diff\u00e9rentes couleurs.<\/li>\n<li class=\"li2\">Produit dans une usine certifi\u00e9e Covid-19 Safe Production.<\/li>\n<\/ul>\n<div>\n<h4>Informations d\u00e9taill\u00e9es sur le produit<\/h4>\n<\/div>\n<div class=\"product-detail-info\">\n<div class=\"row g-0\">\n<div class=\"col-lg-6\">\n<table style=\"height: 245px;\" border=\"10\" width=\"423\">\n<tbody>\n<tr>\n<td>\n<div class=\"d-flex justify-content-start align-items-center\">CODE PRODUIT<\/div>\n<\/td>\n<td class=\"px-3\">:<\/td>\n<td>EPK-688<\/td>\n<\/tr>\n<tr>\n<td>\n<div class=\"d-flex justify-content-start align-items-center\">DIMENSIONS<\/div>\n<\/td>\n<td class=\"px-3\">:<\/td>\n<td>15,6 x 176<\/td>\n<\/tr>\n<tr>\n<td>\n<div class=\"d-flex justify-content-start align-items-center\">QUANTIT\u00c9 DANS L&#8217;EMBALLAGE<\/div>\n<\/td>\n<td class=\"px-3\">:<\/td>\n<td>10<\/td>\n<\/tr>\n<tr>\n<td>\n<div class=\"d-flex justify-content-start align-items-center\">QT\u00c9 EN BO\u00ceTE<\/div>\n<\/td>\n<td class=\"px-3\">:<\/td>\n<td>50<\/td>\n<\/tr>\n<\/tbody>\n<\/table>\n<\/div>\n<\/div>\n<\/div>\n","protected":false},"featured_media":21863,"template":"","meta":[],"product_cat":[195,202],"product_tag":[],"class_list":["post-21862","product","type-product","status-publish","has-post-thumbnail","hentry","product_cat-tek-kullanimlik-urunler","product_cat-catallar"],"_links":{"self":[{"href":"https:\/\/www.eceas.com\/fr\/wp-json\/wp\/v2\/product\/21862","targetHints":{"allow":["GET"]}}],"collection":[{"href":"https:\/\/www.eceas.com\/fr\/wp-json\/wp\/v2\/product"}],"about":[{"href":"https:\/\/www.eceas.com\/fr\/wp-json\/wp\/v2\/types\/product"}],"version-history":[{"count":4,"href":"https:\/\/www.eceas.com\/fr\/wp-json\/wp\/v2\/product\/21862\/revisions"}],"predecessor-version":[{"id":24524,"href":"https:\/\/www.eceas.com\/fr\/wp-json\/wp\/v2\/product\/21862\/revisions\/24524"}],"wp:featuredmedia":[{"embeddable":true,"href":"https:\/\/www.eceas.com\/fr\/wp-json\/wp\/v2\/media\/21863"}],"wp:attachment":[{"href":"https:\/\/www.eceas.com\/fr\/wp-json\/wp\/v2\/media?parent=21862"}],"wp:term":[{"taxonomy":"product_cat","embeddable":true,"href":"https:\/\/www.eceas.com\/fr\/wp-json\/wp\/v2\/product_cat?post=21862"},{"taxonomy":"product_tag","embeddable":true,"href":"https:\/\/www.eceas.com\/fr\/wp-json\/wp\/v2\/product_tag?post=21862"}],"curies":[{"name":"wp","href":"https:\/\/api.w.org\/{rel}","templated":true}]}}